{"id":828,"date":"2022-03-25T11:18:49","date_gmt":"2022-03-25T10:18:49","guid":{"rendered":"http:\/\/zieglerorganic2022.mk-mediadesign.com\/?page_id=828"},"modified":"2023-03-30T11:21:06","modified_gmt":"2023-03-30T09:21:06","slug":"jobs-vacancies","status":"publish","type":"page","link":"https:\/\/ziegler-organic.de\/en\/about-us\/jobs-vacancies\/","title":{"rendered":"Jobs &#8211; Vacancies"},"content":{"rendered":"<div class=\"herosection\">\n<div class=\"container\">\n\t<div class=\"row gx-3 gy-3 gy-md-0 gx-md-3 gx-lg-4 heroimages\">\n\t<div class=\"col-12\"><div class=\"heroimage heroimage1 herosingle\" aria-label=\"\" style=\"background-image: url('https:\/\/ziegler-organic.de\/en\/wp-content\/uploads\/sites\/3\/2022\/07\/2022-04-Ziegler-Personal-21.jpg')\"><\/div><\/div>\t\n\t<\/div> \n\t<div class=\"row einleitung justify-content-center\"><div class=\"col col-12 col-md-9 \">\n\t<h1>Working at ziegler Organic<\/h1>\n\t<p class=\"subline\"><p>\n\t<p>Cereals, pulses, superfoods &#8211; we are dedicasted to certfied ingreditens for the food industry , sourced globally and processed in our facilities.\u00a0Organic Worldwide\u2013 in the lush green heart of Bavaria &#8211; the Naturpark Fichtelgebirge.\u00a0With a team of roundabout 60 employees im our headquarter in Wunsiedel\/Germany, Ziegler &amp; Co. GmbH employs and offers jobs for both specialists and career changers of all levels of qualifications in the following fields of work:<\/p>\n<p><strong>business administration sales and purchas \/marketing\/food technology\/food chemistry, agronomy, food production, warehouse and logistics, IT, accounting<\/strong><\/p>\n<p>A motivated team, international environment, further education, flat hierarchies with short decision ways and modern working spaces in ecological design are waiting for you<\/p>\n<p>&nbsp;<\/p>\n<p style=\"text-align: center\">\n\t<\/div><\/div>\n<\/div> \n<\/div> \n\n<div class=\"benefitssection trennersection d-flex align-items-center justify-content-center schatten \" style=\"background-image: url('https:\/\/ziegler-organic.de\/en\/wp-content\/uploads\/sites\/3\/2022\/07\/zeigler-organic-team.jpg')\">\n<h2 class=\"trennerheadline bgdunkel\">our current job vacancies<\/h2>\n<\/div> \n\n\n\n\n\n\n\n<div class=\"section_2spaltig schatten\">\n<div class=\"container\">\n\t<div class=\"row justify-content-center\">\n\t<div class=\"row spaltencontainer justify-content-center\">\n\t\n\t<div class=\"col-12 col-md-6 spalte2er\">\t<p class=\"textinspalte\"><h3>Vertrieb New Business Development (m\/w\/d)<\/h3>\n<p>in Vollzeit (38,5 Stunden\/Woche)<\/p>\n<p>zum n\u00e4chstm\u00f6glichen Zeitpunkt<\/p>\n<h4>Ihre Aufgaben<\/h4>\n<ul>\n<li>Direkte Zusammenarbeit mit der Gesch\u00e4ftsleitung<\/li>\n<li>Bestandskundenbetreuung<\/li>\n<li>Aktiver Verkauf im Innen- und Au\u00dfendienst<\/li>\n<li>Aufbau und Betreuung neuer Vertriebskan\u00e4le<\/li>\n<li>Durchf\u00fchrung von Marketingaktivit\u00e4ten<\/li>\n<li>Durchf\u00fchrung und Analyse von Marktstudien<\/li>\n<li>Kennzahlenaufbereitung und Vertriebs &#8211; Monitoring\/Reports<\/li>\n<li>Projektarbeit im Vertrieb<\/li>\n<\/ul>\n<h4>Ihr Profil<\/h4>\n<ul>\n<li>Sie haben Freude am Vertrieb und Interesse an der Biobranche<\/li>\n<li>Sie bringen ein hohes Ma\u00df an Kundenorientierung, Zahlenaffinit\u00e4t und Kommunikationsst\u00e4rke mit<\/li>\n<li>Sie verfolgen Ziele ehrgeizig und k\u00f6nnen andere Menschen begeistern<\/li>\n<li>Sie haben eine abgeschlossene kaufm\u00e4nnische Ausbildung oder ein einschl\u00e4giges Studium (Wirtschaftswissenschaften oder Lebensmittelfach)<\/li>\n<li>Sie haben Branchenerfahrung im Vertrieb von Lebensmitteln<\/li>\n<li>Sie treten sympathisch auf und wissen sich auf unterschiedliche Gespr\u00e4chspartner einzustellen<\/li>\n<li>Flie\u00dfende Deutschkenntnisse und gute Englischkenntnisse<\/li>\n<li>Teamf\u00e4higkeit und F\u00fchrungserfahrung runden Ihr Profil ab<\/li>\n<li>Bereitschaft zum Au\u00dfendienst und zur Messeteilnahme<\/li>\n<\/ul>\n<h4>Das bieten wir<\/h4>\n<ul>\n<li>Ein sympathisches Team und flache Hierarchien<\/li>\n<li>Frisches Bio-Obst als gesunden Pausensnack<\/li>\n<li>Langfristigen Arbeitsplatz in einem zukunftsorientierten Unternehmen<\/li>\n<li>Spannende internationale T\u00e4tigkeit<\/li>\n<\/ul>\n<p>Wir freuen uns auf die Zusendung Ihrer Online-Bewerbungsunterlagen unter Angabe Ihrer Gehaltsvorstellung und Ihrem fr\u00fchestm\u00f6glichen Eintrittsdatum.<\/p>\n<p class=\"lead\">Jetzt bewerben: <a href=\"mailto:bewerbung@ziegler-organic.de\">bewerbung@ziegler-organic.de <\/a><\/p>\n<p>F\u00fcr weitere Fragen zu diesem Stellenangebot steht Ihnen Frau Ries unter 09232\/9918 &#8211; 19 sehr gerne zur Verf\u00fcgung.<\/p>\n<p>\n\t<\/div>\n\t\n    \t<\/div>\n\n\t<\/div>\n<\/div> \n<\/div> \n\n\n\n<div class=\"section_centered bggruen\">\n<div class=\"container\">\n\t<div class=\"row justify-content-center\">\n\t<div class=\"col-12 col-lg-6\">\n\t<p><h2 style=\"text-align: center\">We train!<\/h2>\n<p style=\"text-align: center\">Are you looking for a varied and exciting apprenticeship? Then take advantage of the opportunity to train as a food technology specialist (m\/f\/d) or an apprenticeship as a merchant in wholesale and foreign trade (m\/f\/d) in 2022<\/p>\n<p style=\"text-align: center\"><img loading=\"lazy\" decoding=\"async\" class=\"alignnone size-medium wp-image-4927\" src=\"https:\/\/ziegler-organic.de\/en\/wp-content\/uploads\/sites\/3\/2023\/03\/01_IHK_AK2023_IHK-Ausbildungsbetrieb-Siegel_digital_482x357px-300x222.jpg\" alt=\"\" width=\"300\" height=\"222\" srcset=\"https:\/\/ziegler-organic.de\/en\/wp-content\/uploads\/sites\/3\/2023\/03\/01_IHK_AK2023_IHK-Ausbildungsbetrieb-Siegel_digital_482x357px-300x222.jpg 300w, https:\/\/ziegler-organic.de\/en\/wp-content\/uploads\/sites\/3\/2023\/03\/01_IHK_AK2023_IHK-Ausbildungsbetrieb-Siegel_digital_482x357px-450x333.jpg 450w, https:\/\/ziegler-organic.de\/en\/wp-content\/uploads\/sites\/3\/2023\/03\/01_IHK_AK2023_IHK-Ausbildungsbetrieb-Siegel_digital_482x357px-150x111.jpg 150w, https:\/\/ziegler-organic.de\/en\/wp-content\/uploads\/sites\/3\/2023\/03\/01_IHK_AK2023_IHK-Ausbildungsbetrieb-Siegel_digital_482x357px.jpg 482w\" sizes=\"auto, (max-width: 300px) 100vw, 300px\" \/><\/p>\n<p>\n\t<\/div>\n\t<\/div>\n\t\n\t<div class=\"row justify-content-center\">\n\t<div class=\"col-12 col-lg-6\">\n\t\t<\/div>\n\t<\/div>\n\t<\/div>\n<\/div> \n\n\n\n<div class=\"section_2spaltig schatten\">\n<div class=\"container\">\n\t<div class=\"row justify-content-center\">\n\t<div class=\"row spaltencontainer justify-content-center\">\n\t\n\t<div class=\"col-12 col-md-6 spalte2er\">\t<p class=\"textinspalte\"><p>Starte mit uns in Deine <strong>Ausbildung als<\/strong><\/p>\n<h3>Fachkraft f\u00fcr Lebensmitteltechnik (m\/w\/d)<\/h3>\n<p>Ausbildungsbeginn ab September 2022, ein bereits fr\u00fcherer Eintritt in die Produktion und das Lager ist m\u00f6glich.<\/p>\n<h4>Deine Ausbildung<\/h4>\n<p>Als Fachkraft f\u00fcr Lebensmitteltechnik stellst Du mit Hilfe moderner Maschinen und Anlagen hochwertige Rohstoffe f\u00fcr die Biolebensmittel \u2013 Branche her. W\u00e4hrend Deiner Ausbildung lernst Du von der Rohwarenannahme, bis hin zur Verpackung unsere fertigen Bioprodukte und verschiedenen Bereiche genauer kennen. Im Qualit\u00e4tsmanagement darfst Du Messergebnisse ermitteln und tr\u00e4gst damit einen wichtigen Beitrag zu unseren Qualit\u00e4tsanspr\u00fcchen bei. Neben der Beruflichen Ausbildung findet der Berufsschulunterricht blockweise in Kulmbach statt.<\/p>\n<h4>Dein Profil<\/h4>\n<ul>\n<li>Qualifizierender Hauptschulabschluss oder mittlere Reife<\/li>\n<li>Technisches Interesse und Freude am Umgang mit Lebensmitteln<\/li>\n<li>Bereitschaft sich auch k\u00f6rperlichen Herausforderungen zu stellen<\/li>\n<li>Sorgf\u00e4ltige Arbeitsweise und Zuverl\u00e4ssigkeit<\/li>\n<\/ul>\n<h4>Unser Angebot<\/h4>\n<ul>\n<li>Keine Schichten<\/li>\n<li>Sehr gute Ausbildungsverg\u00fctung, Urlaubsgratifikation, Weihnachtsgeld<\/li>\n<li>\u00dcbernahme nach erfolgreicher Ausbildung in unser Team<\/li>\n<li>Interessante Entwicklungsangebote und pers\u00f6nliche Ausbildungsbetreuung<\/li>\n<li>Bio Obst<\/li>\n<\/ul>\n<p>Ein tolles Team, in einer offenen und angenehmen Arbeitsatmosph\u00e4re, erwartet dich! Wir freuen uns auf deine Bewerbung!<\/p>\n<p class=\"lead\">Jetzt bewerben: <a href=\"mailto:bewerbung@ziegler-organic.de\">bewerbung@ziegler-organic.de<\/a><\/p>\n<p>F\u00fcr weitere Fragen stehen wir Dir gerne unter 09232 \/ 99 18 19 zur Verf\u00fcgung.<\/p>\n<p>\n\t<\/div>\n\t\n\t\n\t<div class=\"col-12 col-md-6 spalte2er\">\t<p class=\"textinspalte\"><p>Starte mit uns in Deine <strong>Ausbildung als<\/strong><\/p>\n<h3>Kauffrau\/-mann Gro\u00df- und Au\u00dfenhandels- management (m\/w\/d)<\/h3>\n<p>ab September 2022<\/p>\n<h4>Das lernst du bei uns:<\/h4>\n<ul>\n<li>Einkauf von Waren<\/li>\n<li>Logistikplanung<\/li>\n<li>Angebotserstellung und Kundenbetreuung<\/li>\n<li>Rechnungserstellung<\/li>\n<li>Wesentliche Aufgaben der Buchhaltung<\/li>\n<li>Einsetzen deiner pers\u00f6nlichen St\u00e4rken in verschiedenen Abteilungen<\/li>\n<\/ul>\n<h4>Das solltest du mitbringen:<\/h4>\n<ul>\n<li>Motivation und Eigeninitiative<\/li>\n<li>Freude an der Zusammenarbeit mit anderen Menschen<\/li>\n<li>Interesse an kaufm\u00e4nnischen Zusammenh\u00e4ngen<\/li>\n<li>Spa\u00df am Kundenkontakt<\/li>\n<li>Gute mittlere Reife oder (Fach)-Abitur<\/li>\n<\/ul>\n<h4>Darauf kannst du dich freuen:<\/h4>\n<ul>\n<li>Attraktive Ausbildungsverg\u00fctung, Weihnachtsgeld sowie Urlaubsgratifikation<\/li>\n<li>Abwechslungsreiche Aufgaben<\/li>\n<li>Pers\u00f6nliche Ausbildungsbetreuung<\/li>\n<li>Chance zum Direkteinstieg nach erfolgreicher Ausbildung<\/li>\n<li>Frisches Bio-Obst zum Snacken<\/li>\n<\/ul>\n<p>Wir bei Ziegler Organic bieten eine aufgeschlossene Unternehmenskultur mit starken Chancen f\u00fcr deine Karriere in einem wachsenden Handelsunternehmen. Ein interessanter Ausbildungsplatz braucht engagierte, positive Menschen mit Freude und Tatkraft. Unsere Mitarbeiter*innen sind der Schl\u00fcssel zum Erfolg.<\/p>\n<p>Ein tolles Team, in einer offenen und angenehmen Arbeitsatmosph\u00e4re, erwartet dich! Wir freuen uns auf deine Bewerbung!<\/p>\n<p class=\"lead\">Jetzt bewerben: <a href=\"mailto:bewerbung@ziegler-organic.de\">bewerbung@ziegler-organic.de<\/a><\/p>\n<p>F\u00fcr weitere Fragen stehen wir Dir gerne unter 09232 \/ 99 18 19 zur Verf\u00fcgung.<\/p>\n<p>\n\t<\/div>\n\t\n    \t<\/div>\n\n\t<\/div>\n<\/div> \n<\/div> \n\n\n\n<div class=\"section_centered bgbeige\">\n<div class=\"container\">\n\t<div class=\"row justify-content-center\">\n\t<div class=\"col-12 col-lg-6\">\n\t<p><p style=\"text-align: center\">Please note our\u00a0<a href=\"https:\/\/ziegler-organic.de\/wp-content\/uploads\/2022\/06\/Datenschutzhinweise_Bewerberinnen_u_Bewerber.pdf\" target=\"_blank\" rel=\"noopener\">data protection_information-for-applicants<\/a><\/p>\n<p style=\"text-align: center\">You can access the vacancies at Ziegler Minerals by clicking on the following link:\u00a0<a href=\"https:\/\/ziegler-co.de\/jobs\/\" target=\"_blank\" rel=\"noopener\">jobs at Ziegler Minerals<\/a><\/p>\n<p>\n\t<\/div>\n\t<\/div>\n\t\n\t<div class=\"row justify-content-center\">\n\t<div class=\"col-12 col-lg-6\">\n\t\t<\/div>\n\t<\/div>\n\t<\/div>\n<\/div> ","protected":false},"excerpt":{"rendered":"<p> [&#8230;]<\/p>\n<p class=\"weiterlesen\">Read More&#8230;<\/p>\n","protected":false},"author":2,"featured_media":0,"parent":610,"menu_order":8,"comment_status":"closed","ping_status":"closed","template":"","meta":{"_acf_changed":false,"inline_featured_image":false,"footnotes":""},"class_list":["post-828","page","type-page","status-publish","hentry"],"acf":[],"_links":{"self":[{"href":"https:\/\/ziegler-organic.de\/en\/wp-json\/wp\/v2\/pages\/828","targetHints":{"allow":["GET"]}}],"collection":[{"href":"https:\/\/ziegler-organic.de\/en\/wp-json\/wp\/v2\/pages"}],"about":[{"href":"https:\/\/ziegler-organic.de\/en\/wp-json\/wp\/v2\/types\/page"}],"author":[{"embeddable":true,"href":"https:\/\/ziegler-organic.de\/en\/wp-json\/wp\/v2\/users\/2"}],"replies":[{"embeddable":true,"href":"https:\/\/ziegler-organic.de\/en\/wp-json\/wp\/v2\/comments?post=828"}],"version-history":[{"count":12,"href":"https:\/\/ziegler-organic.de\/en\/wp-json\/wp\/v2\/pages\/828\/revisions"}],"predecessor-version":[{"id":4930,"href":"https:\/\/ziegler-organic.de\/en\/wp-json\/wp\/v2\/pages\/828\/revisions\/4930"}],"up":[{"embeddable":true,"href":"https:\/\/ziegler-organic.de\/en\/wp-json\/wp\/v2\/pages\/610"}],"wp:attachment":[{"href":"https:\/\/ziegler-organic.de\/en\/wp-json\/wp\/v2\/media?parent=828"}],"curies":[{"name":"wp","href":"https:\/\/api.w.org\/{rel}","templated":true}]}}